{"id":19226,"date":"2025-09-24T12:45:23","date_gmt":"2025-09-24T12:45:23","guid":{"rendered":"https:\/\/elastic-maxwell.5-250-186-116.plesk.page\/?page_id=19226"},"modified":"2026-04-21T08:21:39","modified_gmt":"2026-04-21T08:21:39","slug":"servicios","status":"publish","type":"page","link":"https:\/\/elastic-maxwell.5-250-186-116.plesk.page\/index.php\/servicios\/","title":{"rendered":"Servicios One"},"content":{"rendered":"\t\t<div data-elementor-type=\"wp-page\" data-elementor-id=\"19226\" class=\"elementor elementor-19226\">\n\t\t\t\t\t\t<section class=\"elementor-section elementor-top-section elementor-element elementor-element-8bf3786 elementor-section-stretched elementor-section-content-middle elementor-section-boxed elementor-section-height-default elementor-section-height-default\" data-id=\"8bf3786\" data-element_type=\"section\" data-e-type=\"section\" data-settings=\"{&quot;stretch_section&quot;:&quot;section-stretched&quot;,&quot;background_background&quot;:&quot;classic&quot;}\">\n\t\t\t\t\t\t\t<div class=\"elementor-background-overlay\"><\/div>\n\t\t\t\t\t\t\t<div class=\"elementor-container elementor-column-gap-default\">\n\t\t\t\t\t<div class=\"elementor-column elementor-col-100 elementor-top-column elementor-element elementor-element-2f098e8\" data-id=\"2f098e8\" data-element_type=\"column\" data-e-type=\"column\">\n\t\t\t<div class=\"elementor-widget-wrap elementor-element-populated\">\n\t\t\t\t\t\t<div class=\"elementor-element elementor-element-30b89d2 elementor-widget-tablet__width-initial elementor-invisible elementor-widget elementor-widget-heading\" data-id=\"30b89d2\" data-element_type=\"widget\" data-e-type=\"widget\" data-settings=\"{&quot;_animation&quot;:&quot;fadeInDown&quot;}\" data-widget_type=\"heading.default\">\n\t\t\t\t\t<h1 class=\"elementor-heading-title elementor-size-default\">Nuestros Servicios<\/h1>\t\t\t\t<\/div>\n\t\t\t\t\t<\/div>\n\t\t<\/div>\n\t\t\t\t\t<\/div>\n\t\t<\/section>\n\t\t<div class=\"elementor-element elementor-element-caee398 e-flex e-con-boxed e-con e-parent\" data-id=\"caee398\" data-element_type=\"container\" data-e-type=\"container\" data-settings=\"{&quot;background_background&quot;:&quot;classic&quot;}\">\n\t\t\t\t\t<div class=\"e-con-inner\">\n\t\t<div class=\"elementor-element elementor-element-634ae09 e-con-full e-flex e-con e-child\" data-id=\"634ae09\" data-element_type=\"container\" data-e-type=\"container\">\n\t\t\t\t<div class=\"elementor-element elementor-element-73b872d elementor-widget elementor-widget-text-editor\" data-id=\"73b872d\" data-element_type=\"widget\" data-e-type=\"widget\" data-widget_type=\"text-editor.default\">\n\t\t\t\t\t\t\t\t\t<h2>Servicios ONE Inmobiliarias<\/h2>\t\t\t\t\t\t\t\t<\/div>\n\t\t\t\t<div class=\"elementor-element elementor-element-3cd6cd3 elementor-widget elementor-widget-text-editor\" data-id=\"3cd6cd3\" data-element_type=\"widget\" data-e-type=\"widget\" data-widget_type=\"text-editor.default\">\n\t\t\t\t\t\t\t\t\t<p>En ONE Inmobiliarias ofrecemos un enfoque integral que combina asesoramiento estrat\u00e9gico, gesti\u00f3n operativa y una red de contactos consolidada a nivel nacional e internacional. Nuestro objetivo es cubrir todas las fases del proceso inmobiliario con soluciones precisas, adaptadas al perfil de cada cliente y orientadas a maximizar resultados.<\/p>\t\t\t\t\t\t\t\t<\/div>\n\t\t\t\t<div class=\"elementor-element elementor-element-dc65fab elementor-mobile-align-justify golden elementor-align-left elementor-invisible elementor-widget elementor-widget-button\" data-id=\"dc65fab\" data-element_type=\"widget\" data-e-type=\"widget\" data-settings=\"{&quot;_animation&quot;:&quot;fadeInUp&quot;,&quot;_animation_delay&quot;:200}\" data-widget_type=\"button.default\">\n\t\t\t\t\t\t\t\t\t\t<a class=\"elementor-button elementor-button-link elementor-size-md\" href=\"#servicios\">\n\t\t\t\t\t\t<span class=\"elementor-button-content-wrapper\">\n\t\t\t\t\t\t\t\t\t<span class=\"elementor-button-text\">EXPLORAR NUESTROS SERVICIOS<\/span>\n\t\t\t\t\t<\/span>\n\t\t\t\t\t<\/a>\n\t\t\t\t\t\t\t\t<\/div>\n\t\t\t\t<\/div>\n\t\t<div class=\"elementor-element elementor-element-e759fff e-con-full e-flex e-con e-child\" data-id=\"e759fff\" data-element_type=\"container\" data-e-type=\"container\" data-settings=\"{&quot;background_background&quot;:&quot;classic&quot;}\">\n\t\t\t\t<\/div>\n\t\t\t\t\t<\/div>\n\t\t\t\t<\/div>\n\t\t<div class=\"elementor-element elementor-element-57aa58f e-grid e-con-boxed e-con e-parent\" data-id=\"57aa58f\" data-element_type=\"container\" data-e-type=\"container\">\n\t\t\t\t\t<div class=\"e-con-inner\">\n\t\t<div class=\"elementor-element elementor-element-09e7b09 e-con-full e-flex e-con e-child\" data-id=\"09e7b09\" data-element_type=\"container\" data-e-type=\"container\" data-settings=\"{&quot;background_background&quot;:&quot;classic&quot;}\">\n\t\t\t\t<div class=\"elementor-element elementor-element-3aaa25f elementor-widget elementor-widget-image\" data-id=\"3aaa25f\" data-element_type=\"widget\" data-e-type=\"widget\" data-widget_type=\"image.default\">\n\t\t\t\t\t\t\t\t\t\t\t\t\t\t\t<img decoding=\"async\" src=\"https:\/\/elastic-maxwell.5-250-186-116.plesk.page\/wp-content\/uploads\/2026\/04\/house-asesoria-1.svg\" title=\"house-asesoria\" alt=\"house-asesoria\" loading=\"lazy\" \/>\t\t\t\t\t\t\t\t\t\t\t\t\t\t\t<\/div>\n\t\t\t\t<div class=\"elementor-element elementor-element-1de14d1 elementor-widget elementor-widget-heading\" data-id=\"1de14d1\" data-element_type=\"widget\" data-e-type=\"widget\" data-widget_type=\"heading.default\">\n\t\t\t\t\t<h3 class=\"elementor-heading-title elementor-size-default\">Intermediaci\u00f3n inmobiliaria<\/h3>\t\t\t\t<\/div>\n\t\t\t\t<div class=\"elementor-element elementor-element-f98b7d3 elementor-widget elementor-widget-text-editor\" data-id=\"f98b7d3\" data-element_type=\"widget\" data-e-type=\"widget\" data-widget_type=\"text-editor.default\">\n\t\t\t\t\t\t\t\t\t<p style=\"text-align: center;\">Gestionamos la compra, venta y alquiler de activos residenciales y de inversi\u00f3n. Dise\u00f1amos estrategias de comercializaci\u00f3n personalizadas, optimizando posicionamiento, visibilidad y captaci\u00f3n de demanda cualificada.<\/p>\t\t\t\t\t\t\t\t<\/div>\n\t\t\t\t<\/div>\n\t\t<div class=\"elementor-element elementor-element-f88497f e-con-full e-flex e-con e-child\" data-id=\"f88497f\" data-element_type=\"container\" data-e-type=\"container\" data-settings=\"{&quot;background_background&quot;:&quot;classic&quot;}\">\n\t\t\t\t<div class=\"elementor-element elementor-element-43fa4d4 elementor-widget elementor-widget-image\" data-id=\"43fa4d4\" data-element_type=\"widget\" data-e-type=\"widget\" data-widget_type=\"image.default\">\n\t\t\t\t\t\t\t\t\t\t\t\t\t\t\t<img decoding=\"async\" src=\"https:\/\/elastic-maxwell.5-250-186-116.plesk.page\/wp-content\/uploads\/2026\/04\/aseosramiento.svg\" title=\"aseosramiento\" alt=\"aseosramiento\" loading=\"lazy\" \/>\t\t\t\t\t\t\t\t\t\t\t\t\t\t\t<\/div>\n\t\t\t\t<div class=\"elementor-element elementor-element-f70be6b elementor-widget elementor-widget-heading\" data-id=\"f70be6b\" data-element_type=\"widget\" data-e-type=\"widget\" data-widget_type=\"heading.default\">\n\t\t\t\t\t<h3 class=\"elementor-heading-title elementor-size-default\">Asesoramiento a inversores<\/h3>\t\t\t\t<\/div>\n\t\t\t\t<div class=\"elementor-element elementor-element-c7e1428 elementor-widget elementor-widget-text-editor\" data-id=\"c7e1428\" data-element_type=\"widget\" data-e-type=\"widget\" data-widget_type=\"text-editor.default\">\n\t\t\t\t\t\t\t\t\t<p style=\"text-align: center;\" data-start=\"617\" data-end=\"863\">Identificamos oportunidades off market y activos con potencial, analizando rentabilidad, ubicaci\u00f3n y proyecci\u00f3n, acompa\u00f1ando al inversor durante todo el proceso, desde la selecci\u00f3n inicial hasta el cierre final.<\/p>\t\t\t\t\t\t\t\t<\/div>\n\t\t\t\t<\/div>\n\t\t<div class=\"elementor-element elementor-element-364cecf e-con-full e-flex e-con e-child\" data-id=\"364cecf\" data-element_type=\"container\" data-e-type=\"container\" data-settings=\"{&quot;background_background&quot;:&quot;classic&quot;}\">\n\t\t\t\t<div class=\"elementor-element elementor-element-7fec8bd elementor-widget elementor-widget-image\" data-id=\"7fec8bd\" data-element_type=\"widget\" data-e-type=\"widget\" data-widget_type=\"image.default\">\n\t\t\t\t\t\t\t\t\t\t\t\t\t\t\t<img decoding=\"async\" src=\"https:\/\/elastic-maxwell.5-250-186-116.plesk.page\/wp-content\/uploads\/2026\/04\/house-value.svg\" title=\"house-value\" alt=\"house-value\" loading=\"lazy\" \/>\t\t\t\t\t\t\t\t\t\t\t\t\t\t\t<\/div>\n\t\t\t\t<div class=\"elementor-element elementor-element-8f242f9 elementor-widget elementor-widget-heading\" data-id=\"8f242f9\" data-element_type=\"widget\" data-e-type=\"widget\" data-widget_type=\"heading.default\">\n\t\t\t\t\t<h3 class=\"elementor-heading-title elementor-size-default\">Valoraci\u00f3n y an\u00e1lisis de mercado<\/h3>\t\t\t\t<\/div>\n\t\t\t\t<div class=\"elementor-element elementor-element-9882ef8 elementor-widget elementor-widget-text-editor\" data-id=\"9882ef8\" data-element_type=\"widget\" data-e-type=\"widget\" data-widget_type=\"text-editor.default\">\n\t\t\t\t\t\t\t\t\t<p style=\"text-align: center;\">Realizamos estudios detallados basados en datos reales de mercado, evitando estimaciones gen\u00e9ricas y ajustando cada activo a su contexto espec\u00edfico para garantizar una correcta salida y maximizar valor.<\/p>\t\t\t\t\t\t\t\t<\/div>\n\t\t\t\t<\/div>\n\t\t<div class=\"elementor-element elementor-element-9368a32 e-con-full e-flex e-con e-child\" data-id=\"9368a32\" data-element_type=\"container\" data-e-type=\"container\" data-settings=\"{&quot;background_background&quot;:&quot;classic&quot;}\">\n\t\t\t\t<div class=\"elementor-element elementor-element-5ec7f2c elementor-widget elementor-widget-image\" data-id=\"5ec7f2c\" data-element_type=\"widget\" data-e-type=\"widget\" data-widget_type=\"image.default\">\n\t\t\t\t\t\t\t\t\t\t\t\t\t\t\t<img decoding=\"async\" src=\"https:\/\/elastic-maxwell.5-250-186-116.plesk.page\/wp-content\/uploads\/2026\/04\/finance-2.svg\" title=\"finance-2\" alt=\"finance-2\" loading=\"lazy\" \/>\t\t\t\t\t\t\t\t\t\t\t\t\t\t\t<\/div>\n\t\t\t\t<div class=\"elementor-element elementor-element-6237731 elementor-widget elementor-widget-heading\" data-id=\"6237731\" data-element_type=\"widget\" data-e-type=\"widget\" data-widget_type=\"heading.default\">\n\t\t\t\t\t<h3 class=\"elementor-heading-title elementor-size-default\">Gesti\u00f3n<br> financiera<\/h3>\t\t\t\t<\/div>\n\t\t\t\t<div class=\"elementor-element elementor-element-c4d8239 elementor-widget elementor-widget-text-editor\" data-id=\"c4d8239\" data-element_type=\"widget\" data-e-type=\"widget\" data-widget_type=\"text-editor.default\">\n\t\t\t\t\t\t\t\t\t<p style=\"text-align: center;\">Asesoramos en la estructuraci\u00f3n de operaciones, b\u00fasqueda de financiaci\u00f3n y optimizaci\u00f3n de recursos disponibles, colaborando con entidades y especialistas para facilitar condiciones competitivas adaptadas a cada operaci\u00f3n concreta.<\/p>\t\t\t\t\t\t\t\t<\/div>\n\t\t\t\t<\/div>\n\t\t<div class=\"elementor-element elementor-element-6b944cd e-con-full e-flex e-con e-child\" data-id=\"6b944cd\" data-element_type=\"container\" data-e-type=\"container\" data-settings=\"{&quot;background_background&quot;:&quot;classic&quot;}\">\n\t\t\t\t<div class=\"elementor-element elementor-element-8eeae9b elementor-widget elementor-widget-image\" data-id=\"8eeae9b\" data-element_type=\"widget\" data-e-type=\"widget\" data-widget_type=\"image.default\">\n\t\t\t\t\t\t\t\t\t\t\t\t\t\t\t<img decoding=\"async\" src=\"https:\/\/elastic-maxwell.5-250-186-116.plesk.page\/wp-content\/uploads\/2026\/04\/house-law-1.svg\" title=\"house-law\" alt=\"house-law\" loading=\"lazy\" \/>\t\t\t\t\t\t\t\t\t\t\t\t\t\t\t<\/div>\n\t\t\t\t<div class=\"elementor-element elementor-element-9b58231 elementor-widget elementor-widget-heading\" data-id=\"9b58231\" data-element_type=\"widget\" data-e-type=\"widget\" data-widget_type=\"heading.default\">\n\t\t\t\t\t<h3 class=\"elementor-heading-title elementor-size-default\">Asesoramiento jur\u00eddico<\/h3>\t\t\t\t<\/div>\n\t\t\t\t<div class=\"elementor-element elementor-element-cee0df4 elementor-widget elementor-widget-text-editor\" data-id=\"cee0df4\" data-element_type=\"widget\" data-e-type=\"widget\" data-widget_type=\"text-editor.default\">\n\t\t\t\t\t\t\t\t\t<p style=\"text-align: center;\">Coordinamos todos los aspectos legales de la operaci\u00f3n, incluyendo revisi\u00f3n documental, contratos y procesos de due diligence, garantizando seguridad, claridad y transparencia durante todo el proceso hasta firma.<\/p>\t\t\t\t\t\t\t\t<\/div>\n\t\t\t\t<\/div>\n\t\t<div class=\"elementor-element elementor-element-b351271 e-con-full e-flex e-con e-child\" data-id=\"b351271\" data-element_type=\"container\" data-e-type=\"container\" data-settings=\"{&quot;background_background&quot;:&quot;classic&quot;}\">\n\t\t\t\t<div class=\"elementor-element elementor-element-04f07d0 elementor-widget elementor-widget-image\" data-id=\"04f07d0\" data-element_type=\"widget\" data-e-type=\"widget\" data-widget_type=\"image.default\">\n\t\t\t\t\t\t\t\t\t\t\t\t\t\t\t<img decoding=\"async\" src=\"https:\/\/elastic-maxwell.5-250-186-116.plesk.page\/wp-content\/uploads\/2026\/04\/world.svg\" title=\"world\" alt=\"world\" loading=\"lazy\" \/>\t\t\t\t\t\t\t\t\t\t\t\t\t\t\t<\/div>\n\t\t\t\t<div class=\"elementor-element elementor-element-2499534 elementor-widget elementor-widget-heading\" data-id=\"2499534\" data-element_type=\"widget\" data-e-type=\"widget\" data-widget_type=\"heading.default\">\n\t\t\t\t\t<h3 class=\"elementor-heading-title elementor-size-default\">Red nacional e internacional<\/h3>\t\t\t\t<\/div>\n\t\t\t\t<div class=\"elementor-element elementor-element-fcea707 elementor-widget elementor-widget-text-editor\" data-id=\"fcea707\" data-element_type=\"widget\" data-e-type=\"widget\" data-widget_type=\"text-editor.default\">\n\t\t\t\t\t\t\t\t\t<p style=\"text-align: center;\">Contamos con una red s\u00f3lida de colaboradores y partners que ampl\u00eda el alcance de cada operaci\u00f3n, conectando oportunidades con clientes e inversores en distintos mercados a nivel nacional e internacional.<\/p>\t\t\t\t\t\t\t\t<\/div>\n\t\t\t\t<\/div>\n\t\t<div class=\"elementor-element elementor-element-9ce2464 e-con-full e-flex e-con e-child\" data-id=\"9ce2464\" data-element_type=\"container\" data-e-type=\"container\" data-settings=\"{&quot;background_background&quot;:&quot;classic&quot;}\">\n\t\t\t\t<div class=\"elementor-element elementor-element-01eaa26 elementor-widget elementor-widget-image\" data-id=\"01eaa26\" data-element_type=\"widget\" data-e-type=\"widget\" data-widget_type=\"image.default\">\n\t\t\t\t\t\t\t\t\t\t\t\t\t\t\t<img decoding=\"async\" src=\"https:\/\/elastic-maxwell.5-250-186-116.plesk.page\/wp-content\/uploads\/2026\/04\/house-ads-1.svg\" title=\"house-ads\" alt=\"house-ads\" loading=\"lazy\" \/>\t\t\t\t\t\t\t\t\t\t\t\t\t\t\t<\/div>\n\t\t\t\t<div class=\"elementor-element elementor-element-a95d556 elementor-widget elementor-widget-heading\" data-id=\"a95d556\" data-element_type=\"widget\" data-e-type=\"widget\" data-widget_type=\"heading.default\">\n\t\t\t\t\t<h3 class=\"elementor-heading-title elementor-size-default\">Marketing y comercializaci\u00f3n<\/h3>\t\t\t\t<\/div>\n\t\t\t\t<div class=\"elementor-element elementor-element-6025967 elementor-widget elementor-widget-text-editor\" data-id=\"6025967\" data-element_type=\"widget\" data-e-type=\"widget\" data-widget_type=\"text-editor.default\">\n\t\t\t\t\t\t\t\t\t<p style=\"text-align: center;\">Desarrollamos planes de marketing espec\u00edficos para cada activo, combinando canales digitales, posicionamiento estrat\u00e9gico y acciones dirigidas a p\u00fablicos concretos para maximizar resultados en cada proceso de comercializaci\u00f3n inmobiliaria.<\/p>\t\t\t\t\t\t\t\t<\/div>\n\t\t\t\t<\/div>\n\t\t<div class=\"elementor-element elementor-element-a8f51a6 e-con-full e-flex e-con e-child\" data-id=\"a8f51a6\" data-element_type=\"container\" data-e-type=\"container\" data-settings=\"{&quot;background_background&quot;:&quot;classic&quot;}\">\n\t\t\t\t<div class=\"elementor-element elementor-element-d7bba54 elementor-widget elementor-widget-image\" data-id=\"d7bba54\" data-element_type=\"widget\" data-e-type=\"widget\" data-widget_type=\"image.default\">\n\t\t\t\t\t\t\t\t\t\t\t\t\t\t\t<img decoding=\"async\" src=\"https:\/\/elastic-maxwell.5-250-186-116.plesk.page\/wp-content\/uploads\/2026\/04\/exclusivo.svg\" title=\"exclusivo\" alt=\"exclusivo\" loading=\"lazy\" \/>\t\t\t\t\t\t\t\t\t\t\t\t\t\t\t<\/div>\n\t\t\t\t<div class=\"elementor-element elementor-element-f523359 elementor-widget elementor-widget-heading\" data-id=\"f523359\" data-element_type=\"widget\" data-e-type=\"widget\" data-widget_type=\"heading.default\">\n\t\t\t\t\t<h3 class=\"elementor-heading-title elementor-size-default\">Contenido exclusivo para clientes<\/h3>\t\t\t\t<\/div>\n\t\t\t\t<div class=\"elementor-element elementor-element-d9e16e8 elementor-widget elementor-widget-text-editor\" data-id=\"d9e16e8\" data-element_type=\"widget\" data-e-type=\"widget\" data-widget_type=\"text-editor.default\">\n\t\t\t\t\t\t\t\t\t<p style=\"text-align: center;\">Ofrecemos acceso a recursos descargables de alto valor, como gu\u00edas pr\u00e1cticas para propietarios e inversores, dise\u00f1adas para facilitar decisiones informadas de forma clara, \u00e1gil y profesional en todo momento.<\/p>\t\t\t\t\t\t\t\t<\/div>\n\t\t\t\t<\/div>\n\t\t<div class=\"elementor-element elementor-element-764bbb1 e-con-full e-flex e-con e-child\" data-id=\"764bbb1\" data-element_type=\"container\" data-e-type=\"container\" data-settings=\"{&quot;background_background&quot;:&quot;classic&quot;}\">\n\t\t\t\t<div class=\"elementor-element elementor-element-da222be elementor-widget elementor-widget-heading\" data-id=\"da222be\" data-element_type=\"widget\" data-e-type=\"widget\" data-widget_type=\"heading.default\">\n\t\t\t\t\t<h3 class=\"elementor-heading-title elementor-size-default\">\u00bfNecesitas asesoramiento?<\/h3>\t\t\t\t<\/div>\n\t\t\t\t<div class=\"elementor-element elementor-element-6688b88 elementor-widget elementor-widget-text-editor\" data-id=\"6688b88\" data-element_type=\"widget\" data-e-type=\"widget\" data-widget_type=\"text-editor.default\">\n\t\t\t\t\t\t\t\t\t<p style=\"text-align: center;\">Accede a un asesoramiento integral orientado a resultados. Desde la estrategia hasta el cierre, trabajamos contigo en cada fase. Cont\u00e1ctanos y empieza a tomar decisiones con criterio.<\/p>\t\t\t\t\t\t\t\t<\/div>\n\t\t\t\t<div class=\"elementor-element elementor-element-9b4ab4b elementor-mobile-align-justify golden elementor-align-center elementor-invisible elementor-widget elementor-widget-button\" data-id=\"9b4ab4b\" data-element_type=\"widget\" data-e-type=\"widget\" data-settings=\"{&quot;_animation&quot;:&quot;fadeInUp&quot;,&quot;_animation_delay&quot;:200}\" data-widget_type=\"button.default\">\n\t\t\t\t\t\t\t\t\t\t<a class=\"elementor-button elementor-button-link elementor-size-md\" href=\"#servicios\">\n\t\t\t\t\t\t<span class=\"elementor-button-content-wrapper\">\n\t\t\t\t\t\t\t\t\t<span class=\"elementor-button-text\">CONT\u00c1CTANOS<\/span>\n\t\t\t\t\t<\/span>\n\t\t\t\t\t<\/a>\n\t\t\t\t\t\t\t\t<\/div>\n\t\t\t\t<\/div>\n\t\t\t\t\t<\/div>\n\t\t\t\t<\/div>\n\t\t\t\t<\/div>\n\t\t","protected":false},"excerpt":{"rendered":"<p>Nuestros Servicios Servicios ONE Inmobiliarias En ONE Inmobiliarias ofrecemos un enfoque integral que combina asesoramiento estrat\u00e9gico, gesti\u00f3n operativa y una red de contactos consolidada a nivel nacional e internacional. Nuestro objetivo es cubrir todas las fases del proceso inmobiliario con soluciones precisas, adaptadas al perfil de cada cliente y orientadas a maximizar resultados. EXPLORAR NUESTROS [&hellip;]<\/p>\n","protected":false},"author":1,"featured_media":0,"parent":0,"menu_order":0,"comment_status":"closed","ping_status":"closed","template":"template\/template-homepage.php","meta":{"footnotes":""},"class_list":["post-19226","page","type-page","status-publish","hentry"],"_links":{"self":[{"href":"https:\/\/elastic-maxwell.5-250-186-116.plesk.page\/index.php\/wp-json\/wp\/v2\/pages\/19226","targetHints":{"allow":["GET"]}}],"collection":[{"href":"https:\/\/elastic-maxwell.5-250-186-116.plesk.page\/index.php\/wp-json\/wp\/v2\/pages"}],"about":[{"href":"https:\/\/elastic-maxwell.5-250-186-116.plesk.page\/index.php\/wp-json\/wp\/v2\/types\/page"}],"author":[{"embeddable":true,"href":"https:\/\/elastic-maxwell.5-250-186-116.plesk.page\/index.php\/wp-json\/wp\/v2\/users\/1"}],"replies":[{"embeddable":true,"href":"https:\/\/elastic-maxwell.5-250-186-116.plesk.page\/index.php\/wp-json\/wp\/v2\/comments?post=19226"}],"version-history":[{"count":26,"href":"https:\/\/elastic-maxwell.5-250-186-116.plesk.page\/index.php\/wp-json\/wp\/v2\/pages\/19226\/revisions"}],"predecessor-version":[{"id":19821,"href":"https:\/\/elastic-maxwell.5-250-186-116.plesk.page\/index.php\/wp-json\/wp\/v2\/pages\/19226\/revisions\/19821"}],"wp:attachment":[{"href":"https:\/\/elastic-maxwell.5-250-186-116.plesk.page\/index.php\/wp-json\/wp\/v2\/media?parent=19226"}],"curies":[{"name":"wp","href":"https:\/\/api.w.org\/{rel}","templated":true}]}}